{"id":3289,"date":"2025-08-11T10:26:49","date_gmt":"2025-08-11T08:26:49","guid":{"rendered":"https:\/\/autocaresherrero.es\/?page_id=3289"},"modified":"2025-10-02T11:19:20","modified_gmt":"2025-10-02T09:19:20","slug":"politica-de-privacidad","status":"publish","type":"page","link":"https:\/\/autocaresherrero.es\/en\/politica-de-privacidad\/","title":{"rendered":"Privacy policy"},"content":{"rendered":"<p>[et_pb_section fb_built=\u00bb1&#8243; admin_label=\u00bbFeature\u00bb _builder_version=\u00bb4.27.4&#8243; background_image=\u00bbhttps:\/\/autocaresherrero.es\/wp-content\/uploads\/2025\/08\/transportation-services-05.png\u00bb background_size=\u00bbinitial\u00bb background_position=\u00bbtop_left\u00bb custom_padding=\u00bb|||\u00bb top_divider_style=\u00bbslant2&#8243; bottom_divider_style=\u00bbramp2&#8243; bottom_divider_color=\u00bb#f1f5f9&#8243; bottom_divider_height=\u00bb250px\u00bb hover_enabled=\u00bb0&#8243; locked=\u00bboff\u00bb global_colors_info=\u00bb{}\u00bb top_divider_color=\u00bb#c4480a\u00bb sticky_enabled=\u00bb0&#8243;][et_pb_row _builder_version=\u00bb4.16&#8243; global_colors_info=\u00bb{}\u00bb][et_pb_column type=\u00bb4_4&#8243; _builder_version=\u00bb4.16&#8243; custom_padding=\u00bb|||\u00bb global_colors_info=\u00bb{}\u00bb custom_padding__hover=\u00bb|||\u00bb][et_pb_text _builder_version=\u00bb4.27.4&#8243; text_font=\u00bb||||||||\u00bb text_font_size=\u00bb18px\u00bb text_line_height=\u00bb1.8em\u00bb header_font=\u00bb||||||||\u00bb header_2_font=\u00bbMontserrat|700|||||||\u00bb header_2_font_size=\u00bb48px\u00bb header_2_line_height=\u00bb1.4em\u00bb text_orientation=\u00bbcenter\u00bb max_width=\u00bb700px\u00bb module_alignment=\u00bbcenter\u00bb header_2_font_size_tablet=\u00bb38px\u00bb header_2_font_size_phone=\u00bb28px\u00bb header_2_font_size_last_edited=\u00bbon|phone\u00bb global_colors_info=\u00bb{}\u00bb]<\/p>\n<h2>Pol\u00edtica de privacidad<\/h2>\n<p>[\/et_pb_text][\/et_pb_column][\/et_pb_row][et_pb_row _builder_version=\u00bb4.27.4&#8243; _module_preset=\u00bbdefault\u00bb global_colors_info=\u00bb{}\u00bb][et_pb_column type=\u00bb4_4&#8243; _builder_version=\u00bb4.27.4&#8243; _module_preset=\u00bbdefault\u00bb global_colors_info=\u00bb{}\u00bb][et_pb_text _builder_version=\u00bb4.27.4&#8243; _module_preset=\u00bbdefault\u00bb text_font=\u00bbMontserrat||||||||\u00bb text_text_color=\u00bb#000000&#8243; text_font_size=\u00bb15px\u00bb global_colors_info=\u00bb{}\u00bb]<\/p>\n<p>A los efectos del cumplimiento del Reglamento (UE) 2016\/679 del Parlamento Europeo, de 27 de abril (GDPR), y la Ley Org\u00e1nica 3\/2018, de Protecci\u00f3n de Datos Personales y garant\u00eda de los derechos digitales de 5 de diciembre (LOPDGDD), se establece la siguiente informaci\u00f3n:<\/p>\n<p><span style=\"text-decoration: underline;\"><strong>Responsable Tratamiento<\/strong><\/span><br \/>Raz\u00f3n social: <strong>AUTOCARES HERRERO, S.L.<\/strong><br \/>NIF\/CIF: <strong>B34126599<\/strong><br \/>Direcci\u00f3n: <strong>Calle Jazm\u00edn, 14 Pol\u00edgono de la Asunci\u00f3n, 34419, Villalob\u00f3n, Palencia.<\/strong><br \/>Correo: <strong>herrero@autocaresherrero.es<\/strong><br \/><span style=\"text-decoration: underline;\"><strong><\/strong><\/span><\/p>\n<p><span style=\"text-decoration: underline;\"><strong>Finalidad<\/strong><\/span><br \/>Se trata la informaci\u00f3n que nos facilitan las personas interesadas a trav\u00e9s de cualquiera de los diferentes formularios que se ponen a su disposici\u00f3n en la p\u00e1gina web, con el fin de gestionar el env\u00edo de la informaci\u00f3n que nos soliciten, pudiendo elaborarse, de ser necesario, un perfil comercial, en base a la informaci\u00f3n facilitada. No se tomar\u00e1n decisiones automatizadas en base a dicho perfil. Los datos personales proporcionados se conservar\u00e1n mientras se mantenga la relaci\u00f3n mercantil, y no se solicite su supresi\u00f3n por el interesado.<br \/><span style=\"text-decoration: underline;\"><strong><\/strong><\/span><\/p>\n<p><span style=\"text-decoration: underline;\"><strong>Legitimaci\u00f3n<\/strong><\/span><br \/>Se solicita el consentimiento del interesado para el tratamiento de sus datos y la oferta prospectiva de productos y servicios.<\/p>\n<p><span style=\"text-decoration: underline;\"><strong>Destinatarios<\/strong><\/span><br \/>Los datos personales no se ceder\u00e1n a terceros, salvo en su caso, otras empresas de grupo para fines administrativos internos.<\/p>\n<p><span style=\"text-decoration: underline;\"><strong>Derechos<\/strong><\/span><br \/>Los interesados \u200b\u200btienen derecho a acceder a sus datos personales, as\u00ed como a solicitar la rectificaci\u00f3n de los datos inexactos o, en su caso, solicitar su supresi\u00f3n cuando los datos ya no sean necesarios para los fines que fueron recogidos. Los interesados \u200b\u200ben determinadas circunstancias tambi\u00e9n podr\u00e1n limitar u oponerse al tratamiento de sus datos, as\u00ed como solicitar la portabilidad de los mismos. Tambi\u00e9n tendr\u00e1 derecho a retirar su consentimiento y a presentar una queja ante la Autoridad de Control. Para ejercer sus derechos deber\u00e1 dirigirse al Responsable en la direcci\u00f3n que figura en el primer cuadro, acompa\u00f1ado de copia del documento de identidad del interesado.<\/p>\n<p><strong>1. \u00bfQui\u00e9n es el responsable del tratamiento de tus datos personales?<\/strong><br \/>AUTOCARES HERRERO, S.L., NIF\/ CIF: B34126599, direcci\u00f3n: Calle Jazm\u00edn, 14 Pol\u00edgono de la Asunci\u00f3n 34419 Villalob\u00f3n Palencia y correo electr\u00f3nico herrero@autocaresherrero.es es el RESPONSABLE del tratamiento de los datos personales del USUARIO y le informa de que estos datos ser\u00e1n tratados de conformidad con lo dispuesto en el Reglamento (UE) 2016\/679, de 27 de abril (GDPR), y la Ley Org\u00e1nica 3\/2018, de 5 de diciembre (LOPDGDD).<\/p>\n<p><strong>2. \u00bfCon qu\u00e9 finalidad se tratan los datos y cu\u00e1l es la base que legitima el tratamiento?<\/strong><br \/>Se trata la informaci\u00f3n que nos facilitan las personas interesadas con el fin de gestionar el env\u00edo de la informaci\u00f3n que nos soliciten, pudiendo elaborarse, de ser necesario, un perfil comercial, en base a la informaci\u00f3n facilitada. Tramitar encargos, solicitudes, dar respuesta a las consultas o cualquier tipo de petici\u00f3n que sea realizada por el USUARIO a trav\u00e9s de cualquiera de las formas de contacto que se ponen a su disposici\u00f3n en la p\u00e1gina web del RESPONSABLE.<\/p>\n<p>3. \u00bfCu\u00e1nto tiempo se conservan los datos?<br \/>Los datos personales proporcionados se conservar\u00e1n mientras se mantenga la relaci\u00f3n mercantil, y no se solicite su supresi\u00f3n por el interesado. Cuando ya no sea necesario, se suprimir\u00e1n con las medidas de seguridad adecuadas.<\/p>\n<p>4. \u00bfQu\u00e9 derechos existen y c\u00f3mo ejercerlos?<br \/>Las personas interesadas tienen derecho a acceder a sus datos personales, as\u00ed como a solicitar la rectificaci\u00f3n de los datos inexactos o, en su caso, solicitar su supresi\u00f3n cuando, los datos ya no sean necesarios para los fines que fueron recogidos. Tambi\u00e9n los interesados en determinadas circunstancias podr\u00e1n oponerse al tratamiento de sus datos. Tambi\u00e9n tendr\u00e1 derecho a retirar el consentimiento prestado y a reclamar ante la Autoridad de Control.<\/p>\n<p>Para ejercer sus derechos deber\u00e1 ponerse en contacto con el Responsable en la direcci\u00f3n Calle Jazm\u00edn, 14 Pol\u00edgono de la Asunci\u00f3n 34419 Villalob\u00f3n Palencia acompa\u00f1ado de copia documento de identidad del interesado.<\/p>\n<p>La normativa vigente de protecci\u00f3n de datos le ampara en una serie de derechos en relaci\u00f3n al uso que le damos a sus datos. Todos y cada uno de sus derechos son unipersonales e intransferibles, es decir, que \u00fanicamente pueden ser realizados por el titular de los datos, previa comprobaci\u00f3n de su identidad.<\/p>\n<p>A continuaci\u00f3n le indicamos cuales son los derechos que le asisten:<\/p>\n<p>* Solicitar el ACCESO a sus datos personales.<br \/>* Solicitar la RECTIFICACION de sus datos.<br \/>* Solicitar la SUPRESI\u00d3N o eliminaci\u00f3n de sus datos (derecho al \u00abolvido\u00bb).<br \/>* LIMITAR u OPONERSE al uso que le damos a sus datos.<br \/>* Derecho a la PORTABILIDAD de sus datos para casos de servicios de telecomunicaciones o internet.<br \/>* Derecho a RETIRAR su consentimiento en cualquier momento.<br \/>* Tendr\u00e1 derecho a presentar una reclamaci\u00f3n ante la Agencia Espa\u00f1ola de Protecci\u00f3n de Datos a trav\u00e9s de www.aepd.es.<br \/>Para el ejercicio de sus derechos de acceso, rectificaci\u00f3n, supresi\u00f3n, limitaci\u00f3n u oposici\u00f3n, portabilidad y retirada de su consentimiento, deber\u00e1 ponerse en contacto con el Responsable en la direcci\u00f3n Calle Jazm\u00edn, 14 Pol\u00edgono de la Asunci\u00f3n 34419 Villalob\u00f3n Palencia .<\/p>\n<p>5. \u00bfA qui\u00e9n facilitamos tus datos personales? Destinatarios<br \/>Los datos personales no se ceder\u00e1n a terceros, salvo en su caso, otras empresas de grupo para fines administrativos internos o salvo obligaci\u00f3n legal.<\/p>\n<p>6. \u00bfSe toman decisiones automatizadas?<br \/>No se tomar\u00e1n decisiones automatizadas en base al perfil comercial.<\/p>\n<p>7. \u00bfSe realizan transferencias internacionales de datos?<br \/>No realizamos transferencias internacionales de sus datos<\/p>\n<p>8. \u00bfPor qu\u00e9 motivo podemos tratar tus datos personales?<br \/>Se solicita el consentimiento del interesado para el tratamiento de sus datos y la oferta prospectiva de productos y servicios. Los datos personales obtenidos a trav\u00e9s de los formularios del sitio web ser\u00e1n tratados \u00fanicamente en base al consentimiento otorgado por el interesado, a trav\u00e9s de la aceptaci\u00f3n de la casilla dispuesta para tal fin. Este consentimiento puede ser retirado en cualquier momento.<\/p>\n<p>Inter\u00e9s leg\u00edtimo del responsable. La informaci\u00f3n estad\u00edstica obtenida del sitio web ser\u00e1 tratada en base al inter\u00e9s leg\u00edtimo del responsable. Esta informaci\u00f3n no permite identificar al usuario.<\/p>\n<p>[\/et_pb_text][\/et_pb_column][\/et_pb_row][\/et_pb_section][et_pb_section fb_built=\u00bb1&#8243; _builder_version=\u00bb4.27.4&#8243; _module_preset=\u00bbdefault\u00bb global_colors_info=\u00bb{}\u00bb][et_pb_row _builder_version=\u00bb4.27.4&#8243; _module_preset=\u00bbdefault\u00bb global_colors_info=\u00bb{}\u00bb][et_pb_column type=\u00bb4_4&#8243; _builder_version=\u00bb4.27.4&#8243; _module_preset=\u00bbdefault\u00bb global_colors_info=\u00bb{}\u00bb][et_pb_image src=\u00bbhttps:\/\/autocaresherrero.es\/wp-content\/uploads\/2025\/08\/PUBLI-KIT.jpg\u00bb title_text=\u00bbPUBLI KIT\u00bb _builder_version=\u00bb4.27.4&#8243; _module_preset=\u00bbdefault\u00bb global_colors_info=\u00bb{}\u00bb][\/et_pb_image][\/et_pb_column][\/et_pb_row][\/et_pb_section][et_pb_section fb_built=\u00bb1&#8243; _builder_version=\u00bb4.27.4&#8243; _module_preset=\u00bbdefault\u00bb background_color=\u00bb#c4480a\u00bb global_colors_info=\u00bb{}\u00bb theme_builder_area=\u00bbpost_content\u00bb][et_pb_row column_structure=\u00bb1_4,1_4,1_4,1_4&#8243; _builder_version=\u00bb4.27.4&#8243; _module_preset=\u00bbdefault\u00bb global_colors_info=\u00bb{}\u00bb theme_builder_area=\u00bbpost_content\u00bb][et_pb_column type=\u00bb1_4&#8243; _builder_version=\u00bb4.27.4&#8243; _module_preset=\u00bbdefault\u00bb global_colors_info=\u00bb{}\u00bb theme_builder_area=\u00bbpost_content\u00bb][et_pb_image src=\u00bbhttps:\/\/autocaresherrero.es\/wp-content\/uploads\/2025\/08\/Adobe-Express-file-4.png\u00bb title_text=\u00bblogo-png\u00bb align=\u00bbcenter\u00bb _builder_version=\u00bb4.27.4&#8243; _module_preset=\u00bbdefault\u00bb width=\u00bb69%\u00bb custom_margin=\u00bb||1px|||\u00bb custom_padding=\u00bb||1px|||\u00bb global_colors_info=\u00bb{}\u00bb theme_builder_area=\u00bbpost_content\u00bb][\/et_pb_image][et_pb_button button_url=\u00bb@ET-DC@eyJkeW5hbWljIjp0cnVlLCJjb250ZW50IjoicG9zdF9saW5rX3VybF9wYWdlIiwic2V0dGluZ3MiOnsicG9zdF9pZCI6IjMyMzAifX0=@\u00bb button_text=\u00bbSolicitar presupuesto\u00bb button_alignment=\u00bbleft\u00bb _builder_version=\u00bb4.27.4&#8243; _dynamic_attributes=\u00bbbutton_url\u00bb custom_button=\u00bbon\u00bb button_text_size=\u00bb13px\u00bb button_text_color=\u00bb#c4480a\u00bb button_bg_color=\u00bb#FFFFFF\u00bb button_border_width=\u00bb0px\u00bb button_border_color=\u00bb#ffffff\u00bb button_letter_spacing=\u00bb2px\u00bb button_font=\u00bbMontserrat|700|||||||\u00bb button_icon=\u00bb&#x24;||divi||400&#8243; button_icon_color=\u00bb#ff5b0c\u00bb custom_margin=\u00bb31px||1px|||\u00bb global_colors_info=\u00bb{}\u00bb button_text_size__hover_enabled=\u00bboff\u00bb button_one_text_size__hover_enabled=\u00bboff\u00bb button_two_text_size__hover_enabled=\u00bboff\u00bb button_text_color__hover_enabled=\u00bboff\u00bb button_one_text_color__hover_enabled=\u00bboff\u00bb button_two_text_color__hover_enabled=\u00bboff\u00bb button_border_width__hover_enabled=\u00bboff\u00bb button_one_border_width__hover_enabled=\u00bboff\u00bb button_two_border_width__hover_enabled=\u00bboff\u00bb button_border_color__hover_enabled=\u00bboff\u00bb button_one_border_color__hover_enabled=\u00bboff\u00bb button_two_border_color__hover_enabled=\u00bboff\u00bb button_border_radius__hover_enabled=\u00bboff\u00bb button_one_border_radius__hover_enabled=\u00bboff\u00bb button_two_border_radius__hover_enabled=\u00bboff\u00bb button_letter_spacing__hover_enabled=\u00bboff\u00bb button_one_letter_spacing__hover_enabled=\u00bboff\u00bb button_two_letter_spacing__hover_enabled=\u00bboff\u00bb button_bg_color__hover_enabled=\u00bboff\u00bb button_one_bg_color__hover_enabled=\u00bboff\u00bb button_two_bg_color__hover_enabled=\u00bboff\u00bb theme_builder_area=\u00bbpost_content\u00bb][\/et_pb_button][\/et_pb_column][et_pb_column type=\u00bb1_4&#8243; _builder_version=\u00bb4.27.4&#8243; _module_preset=\u00bbdefault\u00bb global_colors_info=\u00bb{}\u00bb theme_builder_area=\u00bbpost_content\u00bb][et_pb_text _builder_version=\u00bb4.27.4&#8243; _module_preset=\u00bbdefault\u00bb text_font=\u00bbMontserrat||||||||\u00bb text_text_color=\u00bb#FFFFFF\u00bb custom_margin=\u00bb|||-36px||\u00bb global_colors_info=\u00bb{}\u00bb theme_builder_area=\u00bbpost_content\u00bb]<\/p>\n<p style=\"text-align: center;\"><strong>CONTACT US:<\/strong><\/p>\n<p>Tel: 979 746 677<\/p>\n<p>Tel: 670 877 577<\/p>\n<p>Mail: herrero@autocaresherrero.es<\/p>\n<p>[\/et_pb_text][\/et_pb_column][et_pb_column type=\u00bb1_4&#8243; _builder_version=\u00bb4.27.4&#8243; _module_preset=\u00bbdefault\u00bb global_colors_info=\u00bb{}\u00bb theme_builder_area=\u00bbpost_content\u00bb][et_pb_text _builder_version=\u00bb4.27.4&#8243; _module_preset=\u00bbdefault\u00bb text_font=\u00bbMontserrat||||||||\u00bb text_text_color=\u00bb#FFFFFF\u00bb custom_margin=\u00bb|||-36px||\u00bb inline_fonts=\u00bbMontserrat\u00bb global_colors_info=\u00bb{}\u00bb theme_builder_area=\u00bbpost_content\u00bb]<\/p>\n<p style=\"text-align: center;\"><strong>WHERE WE ARE:<\/strong><\/p>\n<p style=\"text-align: left;\"><span style=\"color: #ffffff; font-family: Montserrat;\"><a href=\"https:\/\/www.google.com\/maps\/place\/\/data=!4m2!3m1!1s0xd47b0fe24b81045:0x25af997e9f8cf10c?sa=X&amp;ved=1t:8290&amp;ictx=111\" data-url=\"\/maps\/place\/\/data=!4m2!3m1!1s0xd47b0fe24b81045:0x25af997e9f8cf10c?sa=X&amp;ved=2ahUKEwjqzcTLpIKPAxWoKvsDHenGMl8Q4kB6BAgGEAA\" ping=\"\/url?sa=t&amp;source=web&amp;rct=j&amp;opi=89978449&amp;url=\/maps\/place\/\/data%3D!4m2!3m1!1s0xd47b0fe24b81045:0x25af997e9f8cf10c%3Fsa%3DX%26ved%3D1t:8290%26ictx%3D111&amp;ved=2ahUKEwjqzcTLpIKPAxWoKvsDHenGMl8Q4kB6BAgrEAM&amp;sqi=2\" style=\"color: #ffffff;\" tabindex=\"0\">Polygon Assumption, C\/ Jasmine, 14, 34419, Villalob\u00f3n, Palencia<\/a><\/span><\/p>\n<p>[\/et_pb_text][et_pb_code _builder_version=\u00bb4.27.4&#8243; _module_preset=\u00bbdefault\u00bb text_orientation=\u00bbcenter\u00bb module_alignment=\u00bbcenter\u00bb custom_margin=\u00bb-23px|||||\u00bb global_colors_info=\u00bb{}\u00bb theme_builder_area=\u00bbpost_content\u00bb]<iframe src=\"https:\/\/www.google.com\/maps\/embed?pb=!1m18!1m12!1m3!1d2963.5942230023757!2d-4.522261923327245!3d42.030436555861726!2m3!1f0!2f0!3f0!3m2!1i1024!2i768!4f13.1!3m3!1m2!1s0xd47b0fe24b81045%3A0x25af997e9f8cf10c!2sAUTOCARES%20HERRERO!5e0!3m2!1ses!2ses!4v1754899479719!5m2!1ses!2ses\" width=\"300\" height=\"50\" style=\"border:0;\" allowfullscreen=\"\" loading=\"lazy\" referrerpolicy=\"no-referrer-when-downgrade\"\" title=\"Mapa de ubicaci\u00f3n de la empresa\"><\/iframe><!-- [et_pb_line_break_holder] -->[\/et_pb_code][\/et_pb_column][et_pb_column type=\u00bb1_4&#8243; _builder_version=\u00bb4.27.4&#8243; _module_preset=\u00bbdefault\u00bb global_colors_info=\u00bb{}\u00bb theme_builder_area=\u00bbpost_content\u00bb][et_pb_text _builder_version=\u00bb4.27.4&#8243; _module_preset=\u00bbdefault\u00bb text_font=\u00bbMontserrat||||||||\u00bb text_text_color=\u00bb#FFFFFF\u00bb custom_margin=\u00bb|||-36px||\u00bb global_colors_info=\u00bb{}\u00bb theme_builder_area=\u00bbpost_content\u00bb]<\/p>\n<p style=\"text-align: center;\"><strong>Opening HOURS:<\/strong><\/p>\n<p>Monday to Friday: from 9:00 to 20:00h.<\/p>\n<p>Saturday: 9:00 to 14:00h.<\/p>\n<p>Sunday: closed.<\/p>\n<p>[\/et_pb_text][\/et_pb_column][\/et_pb_row][\/et_pb_section]<\/p>","protected":false},"excerpt":{"rendered":"<p>Pol\u00edtica de privacidadA los efectos del cumplimiento del Reglamento (UE) 2016\/679 del Parlamento Europeo, de 27 de abril (GDPR), y la Ley Org\u00e1nica 3\/2018, de Protecci\u00f3n de Datos Personales y garant\u00eda de los derechos digitales de 5 de diciembre (LOPDGDD), se establece la siguiente informaci\u00f3n: Responsable TratamientoRaz\u00f3n social: AUTOCARES HERRERO, S.L.NIF\/CIF: B34126599Direcci\u00f3n: Calle Jazm\u00edn, 14 [&hellip;]<\/p>","protected":false},"author":1,"featured_media":0,"parent":0,"menu_order":0,"comment_status":"closed","ping_status":"closed","template":"","meta":{"_et_pb_use_builder":"on","_et_pb_old_content":"","_et_gb_content_width":"","footnotes":""},"class_list":["post-3289","page","type-page","status-publish","hentry"],"yoast_head":"<!-- This site is optimized with the Yoast SEO plugin v26.0 - https:\/\/yoast.com\/wordpress\/plugins\/seo\/ -->\n<title>Pol\u00edtica de Privacidad - Autocares Herrero: alquiler de autocares Palencia<\/title>\n<meta name=\"robots\" content=\"index, follow, max-snippet:-1, max-image-preview:large, max-video-preview:-1\" \/>\n<link rel=\"canonical\" href=\"https:\/\/autocaresherrero.es\/en\/politica-de-privacidad\/\" \/>\n<meta property=\"og:locale\" content=\"en_GB\" \/>\n<meta property=\"og:type\" content=\"article\" \/>\n<meta property=\"og:title\" content=\"Pol\u00edtica de Privacidad - Autocares Herrero: alquiler de autocares Palencia\" \/>\n<meta property=\"og:description\" content=\"Pol\u00edtica de privacidadA los efectos del cumplimiento del Reglamento (UE) 2016\/679 del Parlamento Europeo, de 27 de abril (GDPR), y la Ley Org\u00e1nica 3\/2018, de Protecci\u00f3n de Datos Personales y garant\u00eda de los derechos digitales de 5 de diciembre (LOPDGDD), se establece la siguiente informaci\u00f3n: Responsable TratamientoRaz\u00f3n social: AUTOCARES HERRERO, S.L.NIF\/CIF: B34126599Direcci\u00f3n: Calle Jazm\u00edn, 14 [&hellip;]\" \/>\n<meta property=\"og:url\" content=\"https:\/\/autocaresherrero.es\/en\/politica-de-privacidad\/\" \/>\n<meta property=\"og:site_name\" content=\"Autocares Herrero: alquiler de autocares Palencia\" \/>\n<meta property=\"article:publisher\" content=\"https:\/\/www.facebook.com\/autocaresherrero\/#\" \/>\n<meta property=\"article:modified_time\" content=\"2025-10-02T09:19:20+00:00\" \/>\n<meta name=\"twitter:card\" content=\"summary_large_image\" \/>\n<meta name=\"twitter:label1\" content=\"Estimated reading time\" \/>\n\t<meta name=\"twitter:data1\" content=\"9 minutes\" \/>\n<script type=\"application\/ld+json\" class=\"yoast-schema-graph\">{\"@context\":\"https:\/\/schema.org\",\"@graph\":[{\"@type\":\"WebPage\",\"@id\":\"https:\/\/autocaresherrero.es\/politica-de-privacidad\/\",\"url\":\"https:\/\/autocaresherrero.es\/politica-de-privacidad\/\",\"name\":\"Pol\u00edtica de Privacidad - Autocares Herrero: alquiler de autocares Palencia\",\"isPartOf\":{\"@id\":\"https:\/\/autocaresherrero.es\/#website\"},\"datePublished\":\"2025-08-11T08:26:49+00:00\",\"dateModified\":\"2025-10-02T09:19:20+00:00\",\"breadcrumb\":{\"@id\":\"https:\/\/autocaresherrero.es\/politica-de-privacidad\/#breadcrumb\"},\"inLanguage\":\"en-GB\",\"potentialAction\":[{\"@type\":\"ReadAction\",\"target\":[\"https:\/\/autocaresherrero.es\/politica-de-privacidad\/\"]}]},{\"@type\":\"BreadcrumbList\",\"@id\":\"https:\/\/autocaresherrero.es\/politica-de-privacidad\/#breadcrumb\",\"itemListElement\":[{\"@type\":\"ListItem\",\"position\":1,\"name\":\"Portada\",\"item\":\"https:\/\/autocaresherrero.es\/\"},{\"@type\":\"ListItem\",\"position\":2,\"name\":\"Pol\u00edtica de Privacidad\"}]},{\"@type\":\"WebSite\",\"@id\":\"https:\/\/autocaresherrero.es\/#website\",\"url\":\"https:\/\/autocaresherrero.es\/\",\"name\":\"Autocares Herrero: alquiler de autocares Palencia\",\"description\":\"Somos una empresa dedicada al alquiler de autocares en Palencia con m\u00e1s de 50 a\u00f1os en el sector. Contamos con diferentes autobuses dependiendo la necesidad.\",\"publisher\":{\"@id\":\"https:\/\/autocaresherrero.es\/#organization\"},\"potentialAction\":[{\"@type\":\"SearchAction\",\"target\":{\"@type\":\"EntryPoint\",\"urlTemplate\":\"https:\/\/autocaresherrero.es\/?s={search_term_string}\"},\"query-input\":{\"@type\":\"PropertyValueSpecification\",\"valueRequired\":true,\"valueName\":\"search_term_string\"}}],\"inLanguage\":\"en-GB\"},{\"@type\":\"Organization\",\"@id\":\"https:\/\/autocaresherrero.es\/#organization\",\"name\":\"Autocares Herrero: alquiler de autocares Palencia\",\"url\":\"https:\/\/autocaresherrero.es\/\",\"logo\":{\"@type\":\"ImageObject\",\"inLanguage\":\"en-GB\",\"@id\":\"https:\/\/autocaresherrero.es\/#\/schema\/logo\/image\/\",\"url\":\"https:\/\/autocaresherrero.es\/wp-content\/uploads\/2025\/08\/Adobe-Express-file-4.png\",\"contentUrl\":\"https:\/\/autocaresherrero.es\/wp-content\/uploads\/2025\/08\/Adobe-Express-file-4.png\",\"width\":595,\"height\":275,\"caption\":\"Autocares Herrero: alquiler de autocares Palencia\"},\"image\":{\"@id\":\"https:\/\/autocaresherrero.es\/#\/schema\/logo\/image\/\"},\"sameAs\":[\"https:\/\/www.facebook.com\/autocaresherrero\/#\"]}]}<\/script>\n<!-- \/ Yoast SEO plugin. -->","yoast_head_json":{"title":"Pol\u00edtica de Privacidad - Autocares Herrero: alquiler de autocares Palencia","robots":{"index":"index","follow":"follow","max-snippet":"max-snippet:-1","max-image-preview":"max-image-preview:large","max-video-preview":"max-video-preview:-1"},"canonical":"https:\/\/autocaresherrero.es\/en\/politica-de-privacidad\/","og_locale":"en_GB","og_type":"article","og_title":"Pol\u00edtica de Privacidad - Autocares Herrero: alquiler de autocares Palencia","og_description":"Pol\u00edtica de privacidadA los efectos del cumplimiento del Reglamento (UE) 2016\/679 del Parlamento Europeo, de 27 de abril (GDPR), y la Ley Org\u00e1nica 3\/2018, de Protecci\u00f3n de Datos Personales y garant\u00eda de los derechos digitales de 5 de diciembre (LOPDGDD), se establece la siguiente informaci\u00f3n: Responsable TratamientoRaz\u00f3n social: AUTOCARES HERRERO, S.L.NIF\/CIF: B34126599Direcci\u00f3n: Calle Jazm\u00edn, 14 [&hellip;]","og_url":"https:\/\/autocaresherrero.es\/en\/politica-de-privacidad\/","og_site_name":"Autocares Herrero: alquiler de autocares Palencia","article_publisher":"https:\/\/www.facebook.com\/autocaresherrero\/#","article_modified_time":"2025-10-02T09:19:20+00:00","twitter_card":"summary_large_image","twitter_misc":{"Estimated reading time":"9 minutes"},"schema":{"@context":"https:\/\/schema.org","@graph":[{"@type":"WebPage","@id":"https:\/\/autocaresherrero.es\/politica-de-privacidad\/","url":"https:\/\/autocaresherrero.es\/politica-de-privacidad\/","name":"Pol\u00edtica de Privacidad - Autocares Herrero: alquiler de autocares Palencia","isPartOf":{"@id":"https:\/\/autocaresherrero.es\/#website"},"datePublished":"2025-08-11T08:26:49+00:00","dateModified":"2025-10-02T09:19:20+00:00","breadcrumb":{"@id":"https:\/\/autocaresherrero.es\/politica-de-privacidad\/#breadcrumb"},"inLanguage":"en-GB","potentialAction":[{"@type":"ReadAction","target":["https:\/\/autocaresherrero.es\/politica-de-privacidad\/"]}]},{"@type":"BreadcrumbList","@id":"https:\/\/autocaresherrero.es\/politica-de-privacidad\/#breadcrumb","itemListElement":[{"@type":"ListItem","position":1,"name":"Portada","item":"https:\/\/autocaresherrero.es\/"},{"@type":"ListItem","position":2,"name":"Pol\u00edtica de Privacidad"}]},{"@type":"WebSite","@id":"https:\/\/autocaresherrero.es\/#website","url":"https:\/\/autocaresherrero.es\/","name":"Autocares Herrero: alquiler de autocares Palencia","description":"Somos una empresa dedicada al alquiler de autocares en Palencia con m\u00e1s de 50 a\u00f1os en el sector. Contamos con diferentes autobuses dependiendo la necesidad.","publisher":{"@id":"https:\/\/autocaresherrero.es\/#organization"},"potentialAction":[{"@type":"SearchAction","target":{"@type":"EntryPoint","urlTemplate":"https:\/\/autocaresherrero.es\/?s={search_term_string}"},"query-input":{"@type":"PropertyValueSpecification","valueRequired":true,"valueName":"search_term_string"}}],"inLanguage":"en-GB"},{"@type":"Organization","@id":"https:\/\/autocaresherrero.es\/#organization","name":"Autocares Herrero: alquiler de autocares Palencia","url":"https:\/\/autocaresherrero.es\/","logo":{"@type":"ImageObject","inLanguage":"en-GB","@id":"https:\/\/autocaresherrero.es\/#\/schema\/logo\/image\/","url":"https:\/\/autocaresherrero.es\/wp-content\/uploads\/2025\/08\/Adobe-Express-file-4.png","contentUrl":"https:\/\/autocaresherrero.es\/wp-content\/uploads\/2025\/08\/Adobe-Express-file-4.png","width":595,"height":275,"caption":"Autocares Herrero: alquiler de autocares Palencia"},"image":{"@id":"https:\/\/autocaresherrero.es\/#\/schema\/logo\/image\/"},"sameAs":["https:\/\/www.facebook.com\/autocaresherrero\/#"]}]}},"_links":{"self":[{"href":"https:\/\/autocaresherrero.es\/en\/wp-json\/wp\/v2\/pages\/3289","targetHints":{"allow":["GET"]}}],"collection":[{"href":"https:\/\/autocaresherrero.es\/en\/wp-json\/wp\/v2\/pages"}],"about":[{"href":"https:\/\/autocaresherrero.es\/en\/wp-json\/wp\/v2\/types\/page"}],"author":[{"embeddable":true,"href":"https:\/\/autocaresherrero.es\/en\/wp-json\/wp\/v2\/users\/1"}],"replies":[{"embeddable":true,"href":"https:\/\/autocaresherrero.es\/en\/wp-json\/wp\/v2\/comments?post=3289"}],"version-history":[{"count":4,"href":"https:\/\/autocaresherrero.es\/en\/wp-json\/wp\/v2\/pages\/3289\/revisions"}],"predecessor-version":[{"id":3442,"href":"https:\/\/autocaresherrero.es\/en\/wp-json\/wp\/v2\/pages\/3289\/revisions\/3442"}],"wp:attachment":[{"href":"https:\/\/autocaresherrero.es\/en\/wp-json\/wp\/v2\/media?parent=3289"}],"curies":[{"name":"wp","href":"https:\/\/api.w.org\/{rel}","templated":true}]}}