{"id":3281,"date":"2025-08-11T10:08:24","date_gmt":"2025-08-11T08:08:24","guid":{"rendered":"https:\/\/autocaresherrero.es\/?page_id=3281"},"modified":"2025-10-02T11:18:36","modified_gmt":"2025-10-02T09:18:36","slug":"aviso-legal","status":"publish","type":"page","link":"https:\/\/autocaresherrero.es\/en\/aviso-legal\/","title":{"rendered":"Legal Notice"},"content":{"rendered":"<p>[et_pb_section fb_built=\u00bb1&#8243; admin_label=\u00bbFeature\u00bb _builder_version=\u00bb4.27.4&#8243; background_image=\u00bbhttps:\/\/autocaresherrero.es\/wp-content\/uploads\/2025\/08\/transportation-services-05.png\u00bb background_size=\u00bbinitial\u00bb background_position=\u00bbtop_left\u00bb custom_padding=\u00bb|||\u00bb top_divider_style=\u00bbslant2&#8243; bottom_divider_style=\u00bbramp2&#8243; bottom_divider_color=\u00bb#f1f5f9&#8243; bottom_divider_height=\u00bb250px\u00bb hover_enabled=\u00bb0&#8243; locked=\u00bboff\u00bb global_colors_info=\u00bb{}\u00bb top_divider_color=\u00bb#c4480a\u00bb sticky_enabled=\u00bb0&#8243;][et_pb_row _builder_version=\u00bb4.16&#8243; global_colors_info=\u00bb{}\u00bb][et_pb_column type=\u00bb4_4&#8243; _builder_version=\u00bb4.16&#8243; custom_padding=\u00bb|||\u00bb global_colors_info=\u00bb{}\u00bb custom_padding__hover=\u00bb|||\u00bb][et_pb_text _builder_version=\u00bb4.27.4&#8243; text_font=\u00bb||||||||\u00bb text_font_size=\u00bb18px\u00bb text_line_height=\u00bb1.8em\u00bb header_font=\u00bb||||||||\u00bb header_2_font=\u00bbMontserrat|700|||||||\u00bb header_2_font_size=\u00bb48px\u00bb header_2_line_height=\u00bb1.4em\u00bb text_orientation=\u00bbcenter\u00bb max_width=\u00bb700px\u00bb module_alignment=\u00bbcenter\u00bb header_2_font_size_tablet=\u00bb38px\u00bb header_2_font_size_phone=\u00bb28px\u00bb header_2_font_size_last_edited=\u00bbon|phone\u00bb global_colors_info=\u00bb{}\u00bb]<\/p>\n<h2>Legal Notice<\/h2>\n<p>[\/et_pb_text][\/et_pb_column][\/et_pb_row][et_pb_row _builder_version=\u00bb4.27.4&#8243; _module_preset=\u00bbdefault\u00bb global_colors_info=\u00bb{}\u00bb][et_pb_column type=\u00bb4_4&#8243; _builder_version=\u00bb4.27.4&#8243; _module_preset=\u00bbdefault\u00bb global_colors_info=\u00bb{}\u00bb][et_pb_text _builder_version=\u00bb4.27.4&#8243; _module_preset=\u00bbdefault\u00bb text_font=\u00bbMontserrat||||||||\u00bb text_text_color=\u00bb#000000&#8243; text_font_size=\u00bb15px\u00bb global_colors_info=\u00bb{}\u00bb]<\/p>\n<p>De acuerdo con el art\u00edculo 10 de la Ley 34\/2002, de 11 de julio, de Servicios de la Sociedad de la Informaci\u00f3n y de Comercio o Electr\u00f3nico (LSSICE) a continuaci\u00f3n se detallan los datos identificativos de la empresa la cual es responsable \u00fanico y exclusivo en relaci\u00f3n a la veracidad de la informaci\u00f3n contenida en la p\u00e1gina web en cuanto a los textos, fotograf\u00edas, logotipos, cupones, productos, servicios e im\u00e1genes visualizadas:<\/p>\n<p>Raz\u00f3n social: <strong>AUTOCARES HERRERO, S.L.<\/strong>,<\/p>\n<p>NIF\/ CIF: <strong>B34126599<\/strong><\/p>\n<p>Direcci\u00f3n: <strong>Calle Jazm\u00edn, 14, Pol\u00edgono de la Asunci\u00f3n, 34419, Villalob\u00f3n, Palencia.<\/strong><\/p>\n<p>Tel\u00e9fono: <strong>979 746 677<\/strong><\/p>\n<p>1. <strong><span style=\"text-decoration: underline;\">T\u00e9rminos y condiciones de uso<\/span><\/strong><br \/>El acceso a esta p\u00e1gina web atribuye la condici\u00f3n de USUARIO, quien accede voluntariamente a este sitio web. El mero acceso no implica el establecimiento de ning\u00fan tipo de relaci\u00f3n comercial entre el USUARIO y <strong>AUTOCARES HERRERO, S.L.<\/strong>. La informaci\u00f3n suministrada en la p\u00e1gina web tiene como finalidad facilitar el conocimiento por parte de los usuarios de las actividades y de los servicios prestados, quien se reserva el derecho de efectuar, en cualquier momento cuantas modificaciones, variaciones, supresi\u00f3n o cancelaciones de los contenidos y en la forma de presentaci\u00f3n de los mismos que considere necesaria para la prestaci\u00f3n de los servicios. Esta facultad no otorga a los usuarios ning\u00fan derecho a percibir indemnizaci\u00f3n por da\u00f1os y perjuicios, por lo que se recomienda al USUARIO que lea este Aviso Legal tantas veces como acceda a la web.<\/p>\n<p>2. <span style=\"text-decoration: underline;\"><strong>Uso indebido y responsabilidad<\/strong><\/span><br \/>El USUARIO asume la responsabilidad del uso del portal, comprometi\u00e9ndose a realizar un buen uso de la p\u00e1gina web y aportar informaci\u00f3n veraz y l\u00edcita, no permiti\u00e9ndose conductas que vayan contra la ley, los derechos o intereses de terceros.<\/p>\n<p>La utilizaci\u00f3n de ciertos servicios o solicitudes estar\u00e1n condicionadas a la previa cumplimentaci\u00f3n del correspondiente formulario de recogida de datos. A estos efectos, el USUARIO ser\u00e1 responsable de la informaci\u00f3n falsa o inexacta que pudiera realizar o comunicar y de los perjuicios que cause al responsable de la web en su caso.<\/p>\n<p>Se reservan el derecho a denegar o retirar el acceso a la web a aquellos USUARIOS que incumplen las condiciones y obligaciones de la presente p\u00e1gina web, no haci\u00e9ndose responsable del mal uso que se realice de los contenidos de la p\u00e1gina web.<\/p>\n<p>No obstante, <strong>AUTOCARES HERRERO, S.L.<\/strong> declara que han adoptado todas las medidas necesarias, dentro de sus posibilidades y del estado de la tecnolog\u00eda, para garantizar el funcionamiento de la p\u00e1gina web y evitar la existencia y transmisi\u00f3n de virus y dem\u00e1s componentes da\u00f1inos a los usuarios.<\/p>\n<p>3. <span style=\"text-decoration: underline;\"><strong>Enlaces<\/strong><\/span><br \/>En el caso de que en el sitio web se dispusiesen enlaces o hiperv\u00ednculos hac\u00eda otros sitios de Internet, <strong>AUTOCARES HERRERO, S.L.<\/strong> no ejercer\u00e1 ning\u00fan tipo de control sobre dichos sitios y contenidos, no asumiendo en ning\u00fan caso responsabilidad alguna por los contenidos de alg\u00fan enlace perteneciente a un sitio web ajeno.<\/p>\n<p>Propiedad intelectual e industrial<br \/>El Copyright, dise\u00f1o y creaci\u00f3n de la p\u00e1gina web es titularidad de QDQ Media SAU. El acceso gratuito no implica otros derechos o licencias para reproducci\u00f3n y\/o distribuci\u00f3n sin la previa autorizaci\u00f3n expresa del propietario, por lo que, de conformidad con lo dispuesto en los art\u00edculos 8 y 32.1, p\u00e1rrafo segundo, de la Ley de Propiedad Intelectual, quedan expresamente prohibidas la reproducci\u00f3n, distribuci\u00f3n y comunicaci\u00f3n p\u00fablica de la totalidad o parte de los contenidos de esta p\u00e1gina web, con fines comerciales, en cualquier soporte y por cualquier medio t\u00e9cnico sin previa autorizaci\u00f3n, comprometi\u00e9ndose el USUARIO en respetar los derechos de Propiedad Intelectual e Industrial.<\/p>\n<p>Las marcas, logotipos, dise\u00f1os, contenidos, programas u objetos similares que forman parte de esta p\u00e1gina web, est\u00e1n protegidos por leyes de propiedad industrial e intelectual. La reproducci\u00f3n, distribuci\u00f3n, manipulaci\u00f3n o desensamblaje no autorizado de los c\u00f3digos fuente, de los algoritmos incorporados o de la base datos, ya sea total o parcial, dar\u00e1 lugar a graves penalizaciones tanto civiles como penales y ser\u00e1 objeto de cuantas acciones judiciales correspondan en Derecho.<\/p>\n<p>4. <span style=\"text-decoration: underline;\"><strong>Pol\u00edtica de privacidad y protecci\u00f3n de datos<\/strong><\/span><br \/>En virtud de lo dispuesto en el Reglamento General de Protecci\u00f3n de Datos (RGPD), Reglamento UE 2016\/679, relativo a la protecci\u00f3n de las personas f\u00edsicas en lo que respecta al tratamiento de datos personales y a la libre circulaci\u00f3n de los mismos, y la Ley Org\u00e1nica 3\/2018, de 5 de diciembre (LOPDGDD) se informa al USUARIO que todos los datos recabados mediante los diferentes formularios que aparecen en la web ser\u00e1n incorporados a un fichero, creado y mantenido bajo la responsabilidad de AUTOCARES HERRERO, S.L. con el fin de gestionar el env\u00edo de la informaci\u00f3n que soliciten, pudiendo elaborarse, de ser necesario, un perfil comercial, en base a la informaci\u00f3n facilitada. No se tomar\u00e1n decisiones automatizadas en base a dicho perfil. Los datos personales proporcionados se conservar\u00e1n mientras se mantenga la relaci\u00f3n mercantil, en su caso, y no se solicite su supresi\u00f3n por el interesado.<\/p>\n<p>Para ello, <strong>AUTOCARES HERRERO, S.L.<\/strong> solicitar\u00e1 el consentimiento del interesado a trav\u00e9s del formulario de recogida de datos para el tratamiento de los mismos y la oferta prospectiva de productos y servicios, estando el USUARIO legitimado para retirar dicho consentimiento en cualquier momento, as\u00ed como a ejercer sus derechos de acceso, rectificaci\u00f3n, portabilidad y supresi\u00f3n de sus datos, y a presentar una reclamaci\u00f3n ante la autoridad de control, si considera que el tratamiento no se ajusta a la normativa vigente.<\/p>\n<p>Los contenidos de la p\u00e1gina web est\u00e1n dirigidos a personas mayores de edad, no se pretende obtener datos de personas menores de edad, y cuando tenga conocimiento de que existen en su fichero datos de car\u00e1cter personal de un menor, proceder\u00e1 de inmediato a cancelar dichos datos.<\/p>\n<p>5. <span style=\"text-decoration: underline;\"><strong>Cookie policy<\/strong><\/span><br \/>Este sitio web puede utilizar cookies t\u00e9cnicas (peque\u00f1os archivos de informaci\u00f3n que el servidor env\u00eda al ordenador de quien accede a la p\u00e1gina) para llevar a cabo determinadas funciones que son consideradas imprescindibles para el correcto funcionamiento y visualizaci\u00f3n del sitio. Las cookies utilizadas tienen, en todo caso, car\u00e1cter temporal, con la \u00fanica finalidad de hacer m\u00e1s eficaz la navegaci\u00f3n, y desaparecen al terminar la sesi\u00f3n del usuario. En ning\u00fan caso, estas cookies proporcionan por s\u00ed mismas datos de car\u00e1cter personal y no se utilizar\u00e1n para la recogida de los mismos. Este sitio web no instalar\u00e1 cookies prescindibles sin el consentimiento previo del usuario.<\/p>\n<p>El USUARIO tiene la posibilidad de configurar su navegador para ser alertado de la recepci\u00f3n de cookies y para impedir su instalaci\u00f3n en su equipo. Por favor, consulte las instrucciones de su navegador para ampliar esta informaci\u00f3n.<\/p>\n<p>6. <span style=\"text-decoration: underline;\"><strong>Legislaci\u00f3n aplicable y jurisdicci\u00f3n<\/strong><\/span><br \/>La relaci\u00f3n con el USUARIO se regir\u00e1 por la normativa espa\u00f1ola vigente y cualquier controversia se someter\u00e1 a los Juzgados y tribunales que corresponda conforme a derecho.<\/p>\n<p>[\/et_pb_text][\/et_pb_column][\/et_pb_row][\/et_pb_section][et_pb_section fb_built=\u00bb1&#8243; _builder_version=\u00bb4.27.4&#8243; _module_preset=\u00bbdefault\u00bb global_colors_info=\u00bb{}\u00bb][et_pb_row _builder_version=\u00bb4.27.4&#8243; _module_preset=\u00bbdefault\u00bb global_colors_info=\u00bb{}\u00bb][et_pb_column type=\u00bb4_4&#8243; _builder_version=\u00bb4.27.4&#8243; _module_preset=\u00bbdefault\u00bb global_colors_info=\u00bb{}\u00bb][et_pb_image src=\u00bbhttps:\/\/autocaresherrero.es\/wp-content\/uploads\/2025\/08\/PUBLI-KIT.jpg\u00bb title_text=\u00bbPUBLI KIT\u00bb _builder_version=\u00bb4.27.4&#8243; _module_preset=\u00bbdefault\u00bb global_colors_info=\u00bb{}\u00bb][\/et_pb_image][\/et_pb_column][\/et_pb_row][\/et_pb_section][et_pb_section fb_built=\u00bb1&#8243; _builder_version=\u00bb4.27.4&#8243; _module_preset=\u00bbdefault\u00bb background_color=\u00bb#c4480a\u00bb global_colors_info=\u00bb{}\u00bb theme_builder_area=\u00bbpost_content\u00bb][et_pb_row column_structure=\u00bb1_4,1_4,1_4,1_4&#8243; _builder_version=\u00bb4.27.4&#8243; _module_preset=\u00bbdefault\u00bb global_colors_info=\u00bb{}\u00bb theme_builder_area=\u00bbpost_content\u00bb][et_pb_column type=\u00bb1_4&#8243; _builder_version=\u00bb4.27.4&#8243; _module_preset=\u00bbdefault\u00bb global_colors_info=\u00bb{}\u00bb theme_builder_area=\u00bbpost_content\u00bb][et_pb_image src=\u00bbhttps:\/\/autocaresherrero.es\/wp-content\/uploads\/2025\/08\/Adobe-Express-file-4.png\u00bb title_text=\u00bblogo-png\u00bb align=\u00bbcenter\u00bb _builder_version=\u00bb4.27.4&#8243; _module_preset=\u00bbdefault\u00bb width=\u00bb69%\u00bb custom_margin=\u00bb||1px|||\u00bb custom_padding=\u00bb||1px|||\u00bb global_colors_info=\u00bb{}\u00bb theme_builder_area=\u00bbpost_content\u00bb][\/et_pb_image][et_pb_button button_url=\u00bb@ET-DC@eyJkeW5hbWljIjp0cnVlLCJjb250ZW50IjoicG9zdF9saW5rX3VybF9wYWdlIiwic2V0dGluZ3MiOnsicG9zdF9pZCI6IjMyMzAifX0=@\u00bb button_text=\u00bbSolicitar presupuesto\u00bb button_alignment=\u00bbleft\u00bb _builder_version=\u00bb4.27.4&#8243; _dynamic_attributes=\u00bbbutton_url\u00bb custom_button=\u00bbon\u00bb button_text_size=\u00bb13px\u00bb button_text_color=\u00bb#c4480a\u00bb button_bg_color=\u00bb#FFFFFF\u00bb button_border_width=\u00bb0px\u00bb button_border_color=\u00bb#ffffff\u00bb button_letter_spacing=\u00bb2px\u00bb button_font=\u00bbMontserrat|700|||||||\u00bb button_icon=\u00bb&#x24;||divi||400&#8243; button_icon_color=\u00bb#ff5b0c\u00bb custom_margin=\u00bb31px||1px|||\u00bb global_colors_info=\u00bb{}\u00bb button_text_size__hover_enabled=\u00bboff\u00bb button_one_text_size__hover_enabled=\u00bboff\u00bb button_two_text_size__hover_enabled=\u00bboff\u00bb button_text_color__hover_enabled=\u00bboff\u00bb button_one_text_color__hover_enabled=\u00bboff\u00bb button_two_text_color__hover_enabled=\u00bboff\u00bb button_border_width__hover_enabled=\u00bboff\u00bb button_one_border_width__hover_enabled=\u00bboff\u00bb button_two_border_width__hover_enabled=\u00bboff\u00bb button_border_color__hover_enabled=\u00bboff\u00bb button_one_border_color__hover_enabled=\u00bboff\u00bb button_two_border_color__hover_enabled=\u00bboff\u00bb button_border_radius__hover_enabled=\u00bboff\u00bb button_one_border_radius__hover_enabled=\u00bboff\u00bb button_two_border_radius__hover_enabled=\u00bboff\u00bb button_letter_spacing__hover_enabled=\u00bboff\u00bb button_one_letter_spacing__hover_enabled=\u00bboff\u00bb button_two_letter_spacing__hover_enabled=\u00bboff\u00bb button_bg_color__hover_enabled=\u00bboff\u00bb button_one_bg_color__hover_enabled=\u00bboff\u00bb button_two_bg_color__hover_enabled=\u00bboff\u00bb theme_builder_area=\u00bbpost_content\u00bb][\/et_pb_button][\/et_pb_column][et_pb_column type=\u00bb1_4&#8243; _builder_version=\u00bb4.27.4&#8243; _module_preset=\u00bbdefault\u00bb global_colors_info=\u00bb{}\u00bb theme_builder_area=\u00bbpost_content\u00bb][et_pb_text _builder_version=\u00bb4.27.4&#8243; _module_preset=\u00bbdefault\u00bb text_font=\u00bbMontserrat||||||||\u00bb text_text_color=\u00bb#FFFFFF\u00bb custom_margin=\u00bb|||-36px||\u00bb global_colors_info=\u00bb{}\u00bb theme_builder_area=\u00bbpost_content\u00bb]<\/p>\n<p style=\"text-align: center;\"><strong>CONTACT US:<\/strong><\/p>\n<p>Tel: 979 746 677<\/p>\n<p>Tel: 670 877 577<\/p>\n<p>Mail: herrero@autocaresherrero.es<\/p>\n<p>[\/et_pb_text][\/et_pb_column][et_pb_column type=\u00bb1_4&#8243; _builder_version=\u00bb4.27.4&#8243; _module_preset=\u00bbdefault\u00bb global_colors_info=\u00bb{}\u00bb theme_builder_area=\u00bbpost_content\u00bb][et_pb_text _builder_version=\u00bb4.27.4&#8243; _module_preset=\u00bbdefault\u00bb text_font=\u00bbMontserrat||||||||\u00bb text_text_color=\u00bb#FFFFFF\u00bb custom_margin=\u00bb|||-36px||\u00bb inline_fonts=\u00bbMontserrat\u00bb global_colors_info=\u00bb{}\u00bb theme_builder_area=\u00bbpost_content\u00bb]<\/p>\n<p style=\"text-align: center;\"><strong>WHERE WE ARE:<\/strong><\/p>\n<p style=\"text-align: left;\"><span style=\"color: #ffffff; font-family: Montserrat;\"><a href=\"https:\/\/www.google.com\/maps\/place\/\/data=!4m2!3m1!1s0xd47b0fe24b81045:0x25af997e9f8cf10c?sa=X&amp;ved=1t:8290&amp;ictx=111\" data-url=\"\/maps\/place\/\/data=!4m2!3m1!1s0xd47b0fe24b81045:0x25af997e9f8cf10c?sa=X&amp;ved=2ahUKEwjqzcTLpIKPAxWoKvsDHenGMl8Q4kB6BAgGEAA\" ping=\"\/url?sa=t&amp;source=web&amp;rct=j&amp;opi=89978449&amp;url=\/maps\/place\/\/data%3D!4m2!3m1!1s0xd47b0fe24b81045:0x25af997e9f8cf10c%3Fsa%3DX%26ved%3D1t:8290%26ictx%3D111&amp;ved=2ahUKEwjqzcTLpIKPAxWoKvsDHenGMl8Q4kB6BAgrEAM&amp;sqi=2\" style=\"color: #ffffff;\" tabindex=\"0\">Polygon Assumption, C\/ Jasmine, 14, 34419, Villalob\u00f3n, Palencia<\/a><\/span><\/p>\n<p>[\/et_pb_text][et_pb_code _builder_version=\u00bb4.27.4&#8243; _module_preset=\u00bbdefault\u00bb text_orientation=\u00bbcenter\u00bb module_alignment=\u00bbcenter\u00bb custom_margin=\u00bb-23px|||||\u00bb global_colors_info=\u00bb{}\u00bb theme_builder_area=\u00bbpost_content\u00bb]<iframe src=\"https:\/\/www.google.com\/maps\/embed?pb=!1m18!1m12!1m3!1d2963.5942230023757!2d-4.522261923327245!3d42.030436555861726!2m3!1f0!2f0!3f0!3m2!1i1024!2i768!4f13.1!3m3!1m2!1s0xd47b0fe24b81045%3A0x25af997e9f8cf10c!2sAUTOCARES%20HERRERO!5e0!3m2!1ses!2ses!4v1754899479719!5m2!1ses!2ses\" width=\"300\" height=\"50\" style=\"border:0;\" allowfullscreen=\"\" loading=\"lazy\" referrerpolicy=\"no-referrer-when-downgrade\"\" title=\"Mapa de ubicaci\u00f3n de la empresa\"><\/iframe><!-- [et_pb_line_break_holder] -->[\/et_pb_code][\/et_pb_column][et_pb_column type=\u00bb1_4&#8243; _builder_version=\u00bb4.27.4&#8243; _module_preset=\u00bbdefault\u00bb global_colors_info=\u00bb{}\u00bb theme_builder_area=\u00bbpost_content\u00bb][et_pb_text _builder_version=\u00bb4.27.4&#8243; _module_preset=\u00bbdefault\u00bb text_font=\u00bbMontserrat||||||||\u00bb text_text_color=\u00bb#FFFFFF\u00bb custom_margin=\u00bb|||-36px||\u00bb global_colors_info=\u00bb{}\u00bb theme_builder_area=\u00bbpost_content\u00bb]<\/p>\n<p style=\"text-align: center;\"><strong>Opening HOURS:<\/strong><\/p>\n<p>Monday to Friday: from 9:00 to 20:00h.<\/p>\n<p>Saturday: 9:00 to 14:00h.<\/p>\n<p>Sunday: closed.<\/p>\n<p>[\/et_pb_text][\/et_pb_column][\/et_pb_row][\/et_pb_section]<\/p>","protected":false},"excerpt":{"rendered":"<p>Aviso LegalDe acuerdo con el art\u00edculo 10 de la Ley 34\/2002, de 11 de julio, de Servicios de la Sociedad de la Informaci\u00f3n y de Comercio o Electr\u00f3nico (LSSICE) a continuaci\u00f3n se detallan los datos identificativos de la empresa la cual es responsable \u00fanico y exclusivo en relaci\u00f3n a la veracidad de la informaci\u00f3n contenida [&hellip;]<\/p>","protected":false},"author":1,"featured_media":0,"parent":0,"menu_order":0,"comment_status":"closed","ping_status":"closed","template":"","meta":{"_et_pb_use_builder":"on","_et_pb_old_content":"","_et_gb_content_width":"","footnotes":""},"class_list":["post-3281","page","type-page","status-publish","hentry"],"yoast_head":"<!-- This site is optimized with the Yoast SEO plugin v26.0 - https:\/\/yoast.com\/wordpress\/plugins\/seo\/ -->\n<title>Aviso Legal - Autocares Herrero: alquiler de autocares Palencia<\/title>\n<meta name=\"robots\" content=\"index, follow, max-snippet:-1, max-image-preview:large, max-video-preview:-1\" \/>\n<link rel=\"canonical\" href=\"https:\/\/autocaresherrero.es\/en\/aviso-legal\/\" \/>\n<meta property=\"og:locale\" content=\"en_GB\" \/>\n<meta property=\"og:type\" content=\"article\" \/>\n<meta property=\"og:title\" content=\"Aviso Legal - Autocares Herrero: alquiler de autocares Palencia\" \/>\n<meta property=\"og:description\" content=\"Aviso LegalDe acuerdo con el art\u00edculo 10 de la Ley 34\/2002, de 11 de julio, de Servicios de la Sociedad de la Informaci\u00f3n y de Comercio o Electr\u00f3nico (LSSICE) a continuaci\u00f3n se detallan los datos identificativos de la empresa la cual es responsable \u00fanico y exclusivo en relaci\u00f3n a la veracidad de la informaci\u00f3n contenida [&hellip;]\" \/>\n<meta property=\"og:url\" content=\"https:\/\/autocaresherrero.es\/en\/aviso-legal\/\" \/>\n<meta property=\"og:site_name\" content=\"Autocares Herrero: alquiler de autocares Palencia\" \/>\n<meta property=\"article:publisher\" content=\"https:\/\/www.facebook.com\/autocaresherrero\/#\" \/>\n<meta property=\"article:modified_time\" content=\"2025-10-02T09:18:36+00:00\" \/>\n<meta name=\"twitter:card\" content=\"summary_large_image\" \/>\n<meta name=\"twitter:label1\" content=\"Estimated reading time\" \/>\n\t<meta name=\"twitter:data1\" content=\"10 minutes\" \/>\n<script type=\"application\/ld+json\" class=\"yoast-schema-graph\">{\"@context\":\"https:\/\/schema.org\",\"@graph\":[{\"@type\":\"WebPage\",\"@id\":\"https:\/\/autocaresherrero.es\/aviso-legal\/\",\"url\":\"https:\/\/autocaresherrero.es\/aviso-legal\/\",\"name\":\"Aviso Legal - Autocares Herrero: alquiler de autocares Palencia\",\"isPartOf\":{\"@id\":\"https:\/\/autocaresherrero.es\/#website\"},\"datePublished\":\"2025-08-11T08:08:24+00:00\",\"dateModified\":\"2025-10-02T09:18:36+00:00\",\"breadcrumb\":{\"@id\":\"https:\/\/autocaresherrero.es\/aviso-legal\/#breadcrumb\"},\"inLanguage\":\"en-GB\",\"potentialAction\":[{\"@type\":\"ReadAction\",\"target\":[\"https:\/\/autocaresherrero.es\/aviso-legal\/\"]}]},{\"@type\":\"BreadcrumbList\",\"@id\":\"https:\/\/autocaresherrero.es\/aviso-legal\/#breadcrumb\",\"itemListElement\":[{\"@type\":\"ListItem\",\"position\":1,\"name\":\"Portada\",\"item\":\"https:\/\/autocaresherrero.es\/\"},{\"@type\":\"ListItem\",\"position\":2,\"name\":\"Aviso Legal\"}]},{\"@type\":\"WebSite\",\"@id\":\"https:\/\/autocaresherrero.es\/#website\",\"url\":\"https:\/\/autocaresherrero.es\/\",\"name\":\"Autocares Herrero: alquiler de autocares Palencia\",\"description\":\"Somos una empresa dedicada al alquiler de autocares en Palencia con m\u00e1s de 50 a\u00f1os en el sector. Contamos con diferentes autobuses dependiendo la necesidad.\",\"publisher\":{\"@id\":\"https:\/\/autocaresherrero.es\/#organization\"},\"potentialAction\":[{\"@type\":\"SearchAction\",\"target\":{\"@type\":\"EntryPoint\",\"urlTemplate\":\"https:\/\/autocaresherrero.es\/?s={search_term_string}\"},\"query-input\":{\"@type\":\"PropertyValueSpecification\",\"valueRequired\":true,\"valueName\":\"search_term_string\"}}],\"inLanguage\":\"en-GB\"},{\"@type\":\"Organization\",\"@id\":\"https:\/\/autocaresherrero.es\/#organization\",\"name\":\"Autocares Herrero: alquiler de autocares Palencia\",\"url\":\"https:\/\/autocaresherrero.es\/\",\"logo\":{\"@type\":\"ImageObject\",\"inLanguage\":\"en-GB\",\"@id\":\"https:\/\/autocaresherrero.es\/#\/schema\/logo\/image\/\",\"url\":\"https:\/\/autocaresherrero.es\/wp-content\/uploads\/2025\/08\/Adobe-Express-file-4.png\",\"contentUrl\":\"https:\/\/autocaresherrero.es\/wp-content\/uploads\/2025\/08\/Adobe-Express-file-4.png\",\"width\":595,\"height\":275,\"caption\":\"Autocares Herrero: alquiler de autocares Palencia\"},\"image\":{\"@id\":\"https:\/\/autocaresherrero.es\/#\/schema\/logo\/image\/\"},\"sameAs\":[\"https:\/\/www.facebook.com\/autocaresherrero\/#\"]}]}<\/script>\n<!-- \/ Yoast SEO plugin. -->","yoast_head_json":{"title":"Aviso Legal - Autocares Herrero: alquiler de autocares Palencia","robots":{"index":"index","follow":"follow","max-snippet":"max-snippet:-1","max-image-preview":"max-image-preview:large","max-video-preview":"max-video-preview:-1"},"canonical":"https:\/\/autocaresherrero.es\/en\/aviso-legal\/","og_locale":"en_GB","og_type":"article","og_title":"Aviso Legal - Autocares Herrero: alquiler de autocares Palencia","og_description":"Aviso LegalDe acuerdo con el art\u00edculo 10 de la Ley 34\/2002, de 11 de julio, de Servicios de la Sociedad de la Informaci\u00f3n y de Comercio o Electr\u00f3nico (LSSICE) a continuaci\u00f3n se detallan los datos identificativos de la empresa la cual es responsable \u00fanico y exclusivo en relaci\u00f3n a la veracidad de la informaci\u00f3n contenida [&hellip;]","og_url":"https:\/\/autocaresherrero.es\/en\/aviso-legal\/","og_site_name":"Autocares Herrero: alquiler de autocares Palencia","article_publisher":"https:\/\/www.facebook.com\/autocaresherrero\/#","article_modified_time":"2025-10-02T09:18:36+00:00","twitter_card":"summary_large_image","twitter_misc":{"Estimated reading time":"10 minutes"},"schema":{"@context":"https:\/\/schema.org","@graph":[{"@type":"WebPage","@id":"https:\/\/autocaresherrero.es\/aviso-legal\/","url":"https:\/\/autocaresherrero.es\/aviso-legal\/","name":"Aviso Legal - Autocares Herrero: alquiler de autocares Palencia","isPartOf":{"@id":"https:\/\/autocaresherrero.es\/#website"},"datePublished":"2025-08-11T08:08:24+00:00","dateModified":"2025-10-02T09:18:36+00:00","breadcrumb":{"@id":"https:\/\/autocaresherrero.es\/aviso-legal\/#breadcrumb"},"inLanguage":"en-GB","potentialAction":[{"@type":"ReadAction","target":["https:\/\/autocaresherrero.es\/aviso-legal\/"]}]},{"@type":"BreadcrumbList","@id":"https:\/\/autocaresherrero.es\/aviso-legal\/#breadcrumb","itemListElement":[{"@type":"ListItem","position":1,"name":"Portada","item":"https:\/\/autocaresherrero.es\/"},{"@type":"ListItem","position":2,"name":"Aviso Legal"}]},{"@type":"WebSite","@id":"https:\/\/autocaresherrero.es\/#website","url":"https:\/\/autocaresherrero.es\/","name":"Autocares Herrero: alquiler de autocares Palencia","description":"Somos una empresa dedicada al alquiler de autocares en Palencia con m\u00e1s de 50 a\u00f1os en el sector. Contamos con diferentes autobuses dependiendo la necesidad.","publisher":{"@id":"https:\/\/autocaresherrero.es\/#organization"},"potentialAction":[{"@type":"SearchAction","target":{"@type":"EntryPoint","urlTemplate":"https:\/\/autocaresherrero.es\/?s={search_term_string}"},"query-input":{"@type":"PropertyValueSpecification","valueRequired":true,"valueName":"search_term_string"}}],"inLanguage":"en-GB"},{"@type":"Organization","@id":"https:\/\/autocaresherrero.es\/#organization","name":"Autocares Herrero: alquiler de autocares Palencia","url":"https:\/\/autocaresherrero.es\/","logo":{"@type":"ImageObject","inLanguage":"en-GB","@id":"https:\/\/autocaresherrero.es\/#\/schema\/logo\/image\/","url":"https:\/\/autocaresherrero.es\/wp-content\/uploads\/2025\/08\/Adobe-Express-file-4.png","contentUrl":"https:\/\/autocaresherrero.es\/wp-content\/uploads\/2025\/08\/Adobe-Express-file-4.png","width":595,"height":275,"caption":"Autocares Herrero: alquiler de autocares Palencia"},"image":{"@id":"https:\/\/autocaresherrero.es\/#\/schema\/logo\/image\/"},"sameAs":["https:\/\/www.facebook.com\/autocaresherrero\/#"]}]}},"_links":{"self":[{"href":"https:\/\/autocaresherrero.es\/en\/wp-json\/wp\/v2\/pages\/3281","targetHints":{"allow":["GET"]}}],"collection":[{"href":"https:\/\/autocaresherrero.es\/en\/wp-json\/wp\/v2\/pages"}],"about":[{"href":"https:\/\/autocaresherrero.es\/en\/wp-json\/wp\/v2\/types\/page"}],"author":[{"embeddable":true,"href":"https:\/\/autocaresherrero.es\/en\/wp-json\/wp\/v2\/users\/1"}],"replies":[{"embeddable":true,"href":"https:\/\/autocaresherrero.es\/en\/wp-json\/wp\/v2\/comments?post=3281"}],"version-history":[{"count":6,"href":"https:\/\/autocaresherrero.es\/en\/wp-json\/wp\/v2\/pages\/3281\/revisions"}],"predecessor-version":[{"id":3441,"href":"https:\/\/autocaresherrero.es\/en\/wp-json\/wp\/v2\/pages\/3281\/revisions\/3441"}],"wp:attachment":[{"href":"https:\/\/autocaresherrero.es\/en\/wp-json\/wp\/v2\/media?parent=3281"}],"curies":[{"name":"wp","href":"https:\/\/api.w.org\/{rel}","templated":true}]}}